{"id":23,"date":"2012-01-27T21:36:20","date_gmt":"2012-01-27T20:36:20","guid":{"rendered":"http:\/\/drva.si\/?page_id=23"},"modified":"2012-01-27T22:54:14","modified_gmt":"2012-01-27T21:54:14","slug":"od-kod-drva","status":"publish","type":"page","link":"https:\/\/drva.si\/?page_id=23","title":{"rendered":"Od kod &#8220;pridejo&#8221; drva?"},"content":{"rendered":"<p style=\"text-align: justify;\"><strong>Drva<\/strong>\u00a0se po\u010dasi rojevajo v obliki dreves, katera zaradi njihovih tehnolo\u0161ki zna\u010dilnosti oz. pomanjkljivosti ali pa zgolj trenutne potrebe, posekamo in uporabimo kot kurivo \u2013 naredimo iz njih drva. Drevo na\u010deloma raste samo od sebe, da pa dobimo poleno moram postoriti \u0161e marsikaj.<\/p>\n<p style=\"text-align: justify;\">Najprej je potrebno dobiti dovoljenje za posek drevesa, kar zaprosimo na <strong><a href=\"http:\/\/www.zgs.gov.si\/\" target=\"_blank\">Zavodu za gozdove (ZGS)<\/a><\/strong> oz. pri obmo\u010dnem revirnem gozdarju. Skupaj z njim se podamo v gozd, kjer potem skupaj\u00a0<strong><em><a href=\"http:\/\/www.zgs.gov.si\/slo\/delovna-podrocja\/gojenje-gozdov\/izbira-drevja-za-posek\/index.html\" target=\"_blank\">odka\u017eemo<\/a><\/em><\/strong>\u00a0dolo\u010dena drevesa, ki jih bomo uporabili, da bomo\u00a0<em><strong>napravili\u00a0<\/strong><\/em>drva. Temu sledijo 3 faze gozdnega dela in \u0161e 2 ostali.<\/p>\n<p style=\"text-align: justify;\">Sledi faza, kjer moramo drevesa podreti, obdelati in skrojiti. Danes v ve\u010dini dr\u017eav to po\u010dnemo s pomo\u010djo motornih \u017eag, v bolj industrijsko usmerjenih dr\u017eavah pa celo s stroji, ki so namenjeni samo temu. Ta faza se imenuje\u00a0<em><strong>posek<\/strong><\/em>.<\/p>\n<p style=\"text-align: justify;\">Ko seka\u010d z motorno \u017eago podre drevo je potrebno\u00a0<em><strong>hlod<\/strong><\/em>\u00a0tudi spraviti iz gozda, \u010demur pravimo\u00a0<strong><em>spravilo<\/em><\/strong>. Spravilo najve\u010dkrat opravimo s pomo\u010djo gozdarskega traktorja in pletenice, katero prive\u017eemo na hlod.<\/p>\n<p style=\"text-align: justify;\">Hlod na cesti pa je potrebno transportirati do skladi\u0161\u010da, kjer nadalje obdelujemo hlodovino. Tej 3. fazi pravimo\u00a0<em><strong>transport<\/strong><\/em>.<\/p>\n<p style=\"text-align: justify;\">Zadnji fazi lahko re\u010demo\u00a0<em><strong>napravljanje drv<\/strong><\/em>.\u00a0Ko imamo hlodovino na skladi\u0161\u010du jih za\u010dnemo obdelovati z razli\u010dnimi stroji, ki so namenjeni izdelavi drv (<em><strong>cepljenje<\/strong><\/em>,\u00a0<em><strong>razrezovanje<\/strong><\/em>, skladi\u0161\u010denje in su\u0161enje). Po dveh letih su\u0161enja so drva pripravljena na prodajo. Ob naro\u010dilu kupca si sledijo natovarjanje, prevoz in na koncu dostava. Kupcu pa le \u0161e ostane, da vsako poleno \u010dim bolj\u00a0<strong>u\u010dinkovito<\/strong>\u00a0pokuri.<\/p>\n","protected":false},"excerpt":{"rendered":"<p>Drva\u00a0se po\u010dasi rojevajo v obliki dreves, katera zaradi njihovih tehnolo\u0161ki zna\u010dilnosti oz. pomanjkljivosti ali pa zgolj trenutne potrebe, posekamo in uporabimo kot kurivo \u2013 naredimo iz njih drva. Drevo na\u010deloma raste samo od sebe, da pa dobimo poleno moram postoriti &hellip; <a href=\"https:\/\/drva.si\/?page_id=23\">Continue reading <span class=\"meta-nav\">&rarr;<\/span><\/a><\/p>\n","protected":false},"author":1,"featured_media":0,"parent":0,"menu_order":2,"comment_status":"closed","ping_status":"open","template":"","meta":{"footnotes":""},"class_list":["post-23","page","type-page","status-publish","hentry"],"_links":{"self":[{"href":"https:\/\/drva.si\/index.php?rest_route=\/wp\/v2\/pages\/23","targetHints":{"allow":["GET"]}}],"collection":[{"href":"https:\/\/drva.si\/index.php?rest_route=\/wp\/v2\/pages"}],"about":[{"href":"https:\/\/drva.si\/index.php?rest_route=\/wp\/v2\/types\/page"}],"author":[{"embeddable":true,"href":"https:\/\/drva.si\/index.php?rest_route=\/wp\/v2\/users\/1"}],"replies":[{"embeddable":true,"href":"https:\/\/drva.si\/index.php?rest_route=%2Fwp%2Fv2%2Fcomments&post=23"}],"version-history":[{"count":8,"href":"https:\/\/drva.si\/index.php?rest_route=\/wp\/v2\/pages\/23\/revisions"}],"predecessor-version":[{"id":33,"href":"https:\/\/drva.si\/index.php?rest_route=\/wp\/v2\/pages\/23\/revisions\/33"}],"wp:attachment":[{"href":"https:\/\/drva.si\/index.php?rest_route=%2Fwp%2Fv2%2Fmedia&parent=23"}],"curies":[{"name":"wp","href":"https:\/\/api.w.org\/{rel}","templated":true}]}}