{"id":14,"date":"2012-01-27T13:44:43","date_gmt":"2012-01-27T12:44:43","guid":{"rendered":"http:\/\/drva.si\/?page_id=14"},"modified":"2023-11-14T14:56:07","modified_gmt":"2023-11-14T13:56:07","slug":"aktualna-ponudba","status":"publish","type":"page","link":"https:\/\/drva.si\/","title":{"rendered":"Ponujamo vam brezova in bukova drva."},"content":{"rendered":"\n<p>Prevoz in razrez po va\u0161i \u017eelji oz. dogovoru.<\/p>\n\n\n\n<p>Vsa lesna biomasa v na\u0161i ponudbi je z <strong><a href=\"http:\/\/sl.wikipedia.org\/wiki\/Bloke\" target=\"_blank\" rel=\"noopener\">Blo\u0161ke planote<\/a><\/strong> oz.&nbsp;ljudi, ki \u017eivimo tu. Prihodek od prodanih drv pa pomaga nam in na\u0161im dru\u017einam pre\u017eiveti.<\/p>\n\n\n\n<p><strong><em>DREVO Matej \u010cerne s.p.<br>Studeno na Blokah 2<br>1385 Nova vas<\/em><\/strong><\/p>\n\n\n\n<p><strong><em>Pokli\u010dite na 041 643 063 ali po\u0161ljite e-po\u0161to na info afna drva pika si.<\/em><\/strong><\/p>\n","protected":false},"excerpt":{"rendered":"<p>Prevoz in razrez po va\u0161i \u017eelji oz. dogovoru. Vsa lesna biomasa v na\u0161i ponudbi je z Blo\u0161ke planote oz.&nbsp;ljudi, ki \u017eivimo tu. Prihodek od prodanih drv pa pomaga nam in na\u0161im dru\u017einam pre\u017eiveti. DREVO Matej \u010cerne s.p.Studeno na Blokah 21385 &hellip; <a href=\"https:\/\/drva.si\/\">Continue reading <span class=\"meta-nav\">&rarr;<\/span><\/a><\/p>\n","protected":false},"author":1,"featured_media":0,"parent":0,"menu_order":1,"comment_status":"closed","ping_status":"open","template":"","meta":{"footnotes":""},"class_list":["post-14","page","type-page","status-publish","hentry"],"_links":{"self":[{"href":"https:\/\/drva.si\/index.php?rest_route=\/wp\/v2\/pages\/14","targetHints":{"allow":["GET"]}}],"collection":[{"href":"https:\/\/drva.si\/index.php?rest_route=\/wp\/v2\/pages"}],"about":[{"href":"https:\/\/drva.si\/index.php?rest_route=\/wp\/v2\/types\/page"}],"author":[{"embeddable":true,"href":"https:\/\/drva.si\/index.php?rest_route=\/wp\/v2\/users\/1"}],"replies":[{"embeddable":true,"href":"https:\/\/drva.si\/index.php?rest_route=%2Fwp%2Fv2%2Fcomments&post=14"}],"version-history":[{"count":14,"href":"https:\/\/drva.si\/index.php?rest_route=\/wp\/v2\/pages\/14\/revisions"}],"predecessor-version":[{"id":57,"href":"https:\/\/drva.si\/index.php?rest_route=\/wp\/v2\/pages\/14\/revisions\/57"}],"wp:attachment":[{"href":"https:\/\/drva.si\/index.php?rest_route=%2Fwp%2Fv2%2Fmedia&parent=14"}],"curies":[{"name":"wp","href":"https:\/\/api.w.org\/{rel}","templated":true}]}}